{"id":916,"date":"2026-01-08T09:15:13","date_gmt":"2026-01-08T14:15:13","guid":{"rendered":"https:\/\/propaintdev.wpenginepowered.com\/galerie\/"},"modified":"2026-01-08T09:15:13","modified_gmt":"2026-01-08T14:15:13","slug":"galerie","status":"publish","type":"page","link":"https:\/\/propaintplus.net\/fr\/galerie\/","title":{"rendered":"Galerie"},"content":{"rendered":"","protected":false},"excerpt":{"rendered":"","protected":false},"author":8,"featured_media":947,"parent":0,"menu_order":0,"comment_status":"closed","ping_status":"closed","template":"","meta":{"footnotes":""},"class_list":["post-916","page","type-page","status-publish","has-post-thumbnail","hentry","wpbf-post"],"yoast_head":"<!-- This site is optimized with the Yoast SEO plugin v27.3 - https:\/\/yoast.com\/product\/yoast-seo-wordpress\/ -->\n<title>Galerie de peinture \u00e0 Montr\u00e9al | Projets de Pro Paint Plus<\/title>\n<meta name=\"description\" content=\"D\u00e9couvrez notre galerie de peinture pr\u00e9sentant des projets \u00e0 Montr\u00e9al. Voyez des transformations int\u00e9rieures, ext\u00e9rieures et commerciales de qualit\u00e9. Inspirez-vous et demandez un devis d\u00e8s aujourd\u2019hui !\" \/>\n<meta name=\"robots\" content=\"index, follow, max-snippet:-1, max-image-preview:large, max-video-preview:-1\" \/>\n<link rel=\"canonical\" href=\"https:\/\/propaintplus.net\/fr\/galerie\/\" \/>\n<meta property=\"og:locale\" content=\"fr_CA\" \/>\n<meta property=\"og:type\" content=\"article\" \/>\n<meta property=\"og:title\" content=\"Galerie de peinture \u00e0 Montr\u00e9al | Projets de Pro Paint Plus\" \/>\n<meta property=\"og:description\" content=\"D\u00e9couvrez notre galerie de peinture pr\u00e9sentant des projets \u00e0 Montr\u00e9al. Voyez des transformations int\u00e9rieures, ext\u00e9rieures et commerciales de qualit\u00e9. Inspirez-vous et demandez un devis d\u00e8s aujourd\u2019hui !\" \/>\n<meta property=\"og:url\" content=\"https:\/\/propaintplus.net\/fr\/galerie\/\" \/>\n<meta property=\"og:site_name\" content=\"Pro Paint Plus\" \/>\n<meta property=\"og:image\" content=\"https:\/\/propaintplus.net\/wp-content\/uploads\/2026\/01\/Project-portfolio-gallery.jpg\" \/>\n\t<meta property=\"og:image:width\" content=\"1500\" \/>\n\t<meta property=\"og:image:height\" content=\"1000\" \/>\n\t<meta property=\"og:image:type\" content=\"image\/jpeg\" \/>\n<meta name=\"twitter:card\" content=\"summary_large_image\" \/>\n<script type=\"application\/ld+json\" class=\"yoast-schema-graph\">{\"@context\":\"https:\\\/\\\/schema.org\",\"@graph\":[{\"@type\":\"WebPage\",\"@id\":\"https:\\\/\\\/propaintplus.net\\\/fr\\\/galerie\\\/\",\"url\":\"https:\\\/\\\/propaintplus.net\\\/fr\\\/galerie\\\/\",\"name\":\"Galerie de peinture \u00e0 Montr\u00e9al | Projets de Pro Paint Plus\",\"isPartOf\":{\"@id\":\"https:\\\/\\\/propaintplus.net\\\/fr\\\/#website\"},\"primaryImageOfPage\":{\"@id\":\"https:\\\/\\\/propaintplus.net\\\/fr\\\/galerie\\\/#primaryimage\"},\"image\":{\"@id\":\"https:\\\/\\\/propaintplus.net\\\/fr\\\/galerie\\\/#primaryimage\"},\"thumbnailUrl\":\"https:\\\/\\\/propaintplus.net\\\/wp-content\\\/uploads\\\/2026\\\/01\\\/Project-portfolio-gallery.jpg\",\"datePublished\":\"2026-01-08T14:15:13+00:00\",\"description\":\"D\u00e9couvrez notre galerie de peinture pr\u00e9sentant des projets \u00e0 Montr\u00e9al. Voyez des transformations int\u00e9rieures, ext\u00e9rieures et commerciales de qualit\u00e9. Inspirez-vous et demandez un devis d\u00e8s aujourd\u2019hui !\",\"breadcrumb\":{\"@id\":\"https:\\\/\\\/propaintplus.net\\\/fr\\\/galerie\\\/#breadcrumb\"},\"inLanguage\":\"fr-CA\",\"potentialAction\":[{\"@type\":\"ReadAction\",\"target\":[\"https:\\\/\\\/propaintplus.net\\\/fr\\\/galerie\\\/\"]}]},{\"@type\":\"ImageObject\",\"inLanguage\":\"fr-CA\",\"@id\":\"https:\\\/\\\/propaintplus.net\\\/fr\\\/galerie\\\/#primaryimage\",\"url\":\"https:\\\/\\\/propaintplus.net\\\/wp-content\\\/uploads\\\/2026\\\/01\\\/Project-portfolio-gallery.jpg\",\"contentUrl\":\"https:\\\/\\\/propaintplus.net\\\/wp-content\\\/uploads\\\/2026\\\/01\\\/Project-portfolio-gallery.jpg\",\"width\":1500,\"height\":1000,\"caption\":\"Int\u00e9rieur de salon \u00e0 aire ouverte moderne et minimaliste comprenant un canap\u00e9 modulaire gris et une table basse en verre pour une galerie de portfolio de projets r\u00e9sidentiels de luxe.\"},{\"@type\":\"BreadcrumbList\",\"@id\":\"https:\\\/\\\/propaintplus.net\\\/fr\\\/galerie\\\/#breadcrumb\",\"itemListElement\":[{\"@type\":\"ListItem\",\"position\":1,\"name\":\"Home\",\"item\":\"https:\\\/\\\/propaintplus.net\\\/fr\\\/accueil\\\/\"},{\"@type\":\"ListItem\",\"position\":2,\"name\":\"Galerie\"}]},{\"@type\":\"WebSite\",\"@id\":\"https:\\\/\\\/propaintplus.net\\\/fr\\\/#website\",\"url\":\"https:\\\/\\\/propaintplus.net\\\/fr\\\/\",\"name\":\"Pro Paint Plus\",\"description\":\"Family-Owned Painting for Homes &amp; Businesses in Montr\u00e9al Since 2000\",\"publisher\":{\"@id\":\"https:\\\/\\\/propaintplus.net\\\/fr\\\/#organization\"},\"potentialAction\":[{\"@type\":\"SearchAction\",\"target\":{\"@type\":\"EntryPoint\",\"urlTemplate\":\"https:\\\/\\\/propaintplus.net\\\/fr\\\/?s={search_term_string}\"},\"query-input\":{\"@type\":\"PropertyValueSpecification\",\"valueRequired\":true,\"valueName\":\"search_term_string\"}}],\"inLanguage\":\"fr-CA\"},{\"@type\":\"Organization\",\"@id\":\"https:\\\/\\\/propaintplus.net\\\/fr\\\/#organization\",\"name\":\"Pro Paint Plus\",\"url\":\"https:\\\/\\\/propaintplus.net\\\/fr\\\/\",\"logo\":{\"@type\":\"ImageObject\",\"inLanguage\":\"fr-CA\",\"@id\":\"https:\\\/\\\/propaintplus.net\\\/fr\\\/#\\\/schema\\\/logo\\\/image\\\/\",\"url\":\"https:\\\/\\\/propaintplus.net\\\/wp-content\\\/uploads\\\/2026\\\/01\\\/main-logo.png\",\"contentUrl\":\"https:\\\/\\\/propaintplus.net\\\/wp-content\\\/uploads\\\/2026\\\/01\\\/main-logo.png\",\"width\":512,\"height\":512,\"caption\":\"Pro Paint Plus\"},\"image\":{\"@id\":\"https:\\\/\\\/propaintplus.net\\\/fr\\\/#\\\/schema\\\/logo\\\/image\\\/\"}}]}<\/script>\n<!-- \/ Yoast SEO plugin. -->","yoast_head_json":{"title":"Galerie de peinture \u00e0 Montr\u00e9al | Projets de Pro Paint Plus","description":"D\u00e9couvrez notre galerie de peinture pr\u00e9sentant des projets \u00e0 Montr\u00e9al. Voyez des transformations int\u00e9rieures, ext\u00e9rieures et commerciales de qualit\u00e9. Inspirez-vous et demandez un devis d\u00e8s aujourd\u2019hui !","robots":{"index":"index","follow":"follow","max-snippet":"max-snippet:-1","max-image-preview":"max-image-preview:large","max-video-preview":"max-video-preview:-1"},"canonical":"https:\/\/propaintplus.net\/fr\/galerie\/","og_locale":"fr_CA","og_type":"article","og_title":"Galerie de peinture \u00e0 Montr\u00e9al | Projets de Pro Paint Plus","og_description":"D\u00e9couvrez notre galerie de peinture pr\u00e9sentant des projets \u00e0 Montr\u00e9al. Voyez des transformations int\u00e9rieures, ext\u00e9rieures et commerciales de qualit\u00e9. Inspirez-vous et demandez un devis d\u00e8s aujourd\u2019hui !","og_url":"https:\/\/propaintplus.net\/fr\/galerie\/","og_site_name":"Pro Paint Plus","og_image":[{"width":1500,"height":1000,"url":"https:\/\/propaintplus.net\/wp-content\/uploads\/2026\/01\/Project-portfolio-gallery.jpg","type":"image\/jpeg"}],"twitter_card":"summary_large_image","schema":{"@context":"https:\/\/schema.org","@graph":[{"@type":"WebPage","@id":"https:\/\/propaintplus.net\/fr\/galerie\/","url":"https:\/\/propaintplus.net\/fr\/galerie\/","name":"Galerie de peinture \u00e0 Montr\u00e9al | Projets de Pro Paint Plus","isPartOf":{"@id":"https:\/\/propaintplus.net\/fr\/#website"},"primaryImageOfPage":{"@id":"https:\/\/propaintplus.net\/fr\/galerie\/#primaryimage"},"image":{"@id":"https:\/\/propaintplus.net\/fr\/galerie\/#primaryimage"},"thumbnailUrl":"https:\/\/propaintplus.net\/wp-content\/uploads\/2026\/01\/Project-portfolio-gallery.jpg","datePublished":"2026-01-08T14:15:13+00:00","description":"D\u00e9couvrez notre galerie de peinture pr\u00e9sentant des projets \u00e0 Montr\u00e9al. Voyez des transformations int\u00e9rieures, ext\u00e9rieures et commerciales de qualit\u00e9. Inspirez-vous et demandez un devis d\u00e8s aujourd\u2019hui !","breadcrumb":{"@id":"https:\/\/propaintplus.net\/fr\/galerie\/#breadcrumb"},"inLanguage":"fr-CA","potentialAction":[{"@type":"ReadAction","target":["https:\/\/propaintplus.net\/fr\/galerie\/"]}]},{"@type":"ImageObject","inLanguage":"fr-CA","@id":"https:\/\/propaintplus.net\/fr\/galerie\/#primaryimage","url":"https:\/\/propaintplus.net\/wp-content\/uploads\/2026\/01\/Project-portfolio-gallery.jpg","contentUrl":"https:\/\/propaintplus.net\/wp-content\/uploads\/2026\/01\/Project-portfolio-gallery.jpg","width":1500,"height":1000,"caption":"Int\u00e9rieur de salon \u00e0 aire ouverte moderne et minimaliste comprenant un canap\u00e9 modulaire gris et une table basse en verre pour une galerie de portfolio de projets r\u00e9sidentiels de luxe."},{"@type":"BreadcrumbList","@id":"https:\/\/propaintplus.net\/fr\/galerie\/#breadcrumb","itemListElement":[{"@type":"ListItem","position":1,"name":"Home","item":"https:\/\/propaintplus.net\/fr\/accueil\/"},{"@type":"ListItem","position":2,"name":"Galerie"}]},{"@type":"WebSite","@id":"https:\/\/propaintplus.net\/fr\/#website","url":"https:\/\/propaintplus.net\/fr\/","name":"Pro Paint Plus","description":"Family-Owned Painting for Homes &amp; Businesses in Montr\u00e9al Since 2000","publisher":{"@id":"https:\/\/propaintplus.net\/fr\/#organization"},"potentialAction":[{"@type":"SearchAction","target":{"@type":"EntryPoint","urlTemplate":"https:\/\/propaintplus.net\/fr\/?s={search_term_string}"},"query-input":{"@type":"PropertyValueSpecification","valueRequired":true,"valueName":"search_term_string"}}],"inLanguage":"fr-CA"},{"@type":"Organization","@id":"https:\/\/propaintplus.net\/fr\/#organization","name":"Pro Paint Plus","url":"https:\/\/propaintplus.net\/fr\/","logo":{"@type":"ImageObject","inLanguage":"fr-CA","@id":"https:\/\/propaintplus.net\/fr\/#\/schema\/logo\/image\/","url":"https:\/\/propaintplus.net\/wp-content\/uploads\/2026\/01\/main-logo.png","contentUrl":"https:\/\/propaintplus.net\/wp-content\/uploads\/2026\/01\/main-logo.png","width":512,"height":512,"caption":"Pro Paint Plus"},"image":{"@id":"https:\/\/propaintplus.net\/fr\/#\/schema\/logo\/image\/"}}]}},"_links":{"self":[{"href":"https:\/\/propaintplus.net\/fr\/wp-json\/wp\/v2\/pages\/916","targetHints":{"allow":["GET"]}}],"collection":[{"href":"https:\/\/propaintplus.net\/fr\/wp-json\/wp\/v2\/pages"}],"about":[{"href":"https:\/\/propaintplus.net\/fr\/wp-json\/wp\/v2\/types\/page"}],"author":[{"embeddable":true,"href":"https:\/\/propaintplus.net\/fr\/wp-json\/wp\/v2\/users\/8"}],"replies":[{"embeddable":true,"href":"https:\/\/propaintplus.net\/fr\/wp-json\/wp\/v2\/comments?post=916"}],"version-history":[{"count":0,"href":"https:\/\/propaintplus.net\/fr\/wp-json\/wp\/v2\/pages\/916\/revisions"}],"wp:featuredmedia":[{"embeddable":true,"href":"https:\/\/propaintplus.net\/fr\/wp-json\/wp\/v2\/media\/947"}],"wp:attachment":[{"href":"https:\/\/propaintplus.net\/fr\/wp-json\/wp\/v2\/media?parent=916"}],"curies":[{"name":"wp","href":"https:\/\/api.w.org\/{rel}","templated":true}]}}