{"id":966,"date":"2026-01-08T09:15:13","date_gmt":"2026-01-08T14:15:13","guid":{"rendered":"https:\/\/propaintdev.wpenginepowered.com\/dollard-des-ormeaux-qc\/"},"modified":"2026-03-09T19:53:22","modified_gmt":"2026-03-09T23:53:22","slug":"dollard-des-ormeaux-qc","status":"publish","type":"page","link":"https:\/\/propaintplus.net\/fr\/secteurs\/dollard-des-ormeaux-qc\/","title":{"rendered":"Dollard-des-Ormeaux, QC"},"content":{"rendered":"","protected":false},"excerpt":{"rendered":"","protected":false},"author":8,"featured_media":967,"parent":981,"menu_order":0,"comment_status":"closed","ping_status":"closed","template":"","meta":{"footnotes":""},"class_list":["post-966","page","type-page","status-publish","has-post-thumbnail","hentry","wpbf-post"],"yoast_head":"<!-- This site is optimized with the Yoast SEO plugin v27.3 - https:\/\/yoast.com\/product\/yoast-seo-wordpress\/ -->\n<title>Peintres \u00e0 Dollard-des-Ormeaux, QC | Pro Paint Plus<\/title>\n<meta name=\"description\" content=\"Peintres professionnels \u00e0 Dollard-des-Ormeaux, QC pour les maisons &amp; les entreprises. Finitions de qualit\u00e9, garantie de 3 ans. Obtenez votre estimation gratuite d\u00e8s aujourd&#039;hui !\" \/>\n<meta name=\"robots\" content=\"index, follow, max-snippet:-1, max-image-preview:large, max-video-preview:-1\" \/>\n<link rel=\"canonical\" href=\"https:\/\/propaintplus.net\/fr\/secteurs\/dollard-des-ormeaux-qc\/\" \/>\n<meta property=\"og:locale\" content=\"fr_CA\" \/>\n<meta property=\"og:type\" content=\"article\" \/>\n<meta property=\"og:title\" content=\"Peintres \u00e0 Dollard-des-Ormeaux, QC | Pro Paint Plus\" \/>\n<meta property=\"og:description\" content=\"Peintres professionnels \u00e0 Dollard-des-Ormeaux, QC pour les maisons &amp; les entreprises. Finitions de qualit\u00e9, garantie de 3 ans. Obtenez votre estimation gratuite d\u00e8s aujourd&#039;hui !\" \/>\n<meta property=\"og:url\" content=\"https:\/\/propaintplus.net\/fr\/secteurs\/dollard-des-ormeaux-qc\/\" \/>\n<meta property=\"og:site_name\" content=\"Pro Paint Plus\" \/>\n<meta property=\"article:modified_time\" content=\"2026-03-09T23:53:22+00:00\" \/>\n<meta property=\"og:image\" content=\"https:\/\/propaintplus.net\/wp-content\/uploads\/2026\/01\/Painters-in-Dollard-des-Ormeaux-QC.jpg\" \/>\n\t<meta property=\"og:image:width\" content=\"1500\" \/>\n\t<meta property=\"og:image:height\" content=\"1000\" \/>\n\t<meta property=\"og:image:type\" content=\"image\/jpeg\" \/>\n<meta name=\"twitter:card\" content=\"summary_large_image\" \/>\n<script type=\"application\/ld+json\" class=\"yoast-schema-graph\">{\"@context\":\"https:\\\/\\\/schema.org\",\"@graph\":[{\"@type\":\"WebPage\",\"@id\":\"https:\\\/\\\/propaintplus.net\\\/fr\\\/secteurs\\\/dollard-des-ormeaux-qc\\\/\",\"url\":\"https:\\\/\\\/propaintplus.net\\\/fr\\\/secteurs\\\/dollard-des-ormeaux-qc\\\/\",\"name\":\"Peintres \u00e0 Dollard-des-Ormeaux, QC | Pro Paint Plus\",\"isPartOf\":{\"@id\":\"https:\\\/\\\/propaintplus.net\\\/fr\\\/#website\"},\"primaryImageOfPage\":{\"@id\":\"https:\\\/\\\/propaintplus.net\\\/fr\\\/secteurs\\\/dollard-des-ormeaux-qc\\\/#primaryimage\"},\"image\":{\"@id\":\"https:\\\/\\\/propaintplus.net\\\/fr\\\/secteurs\\\/dollard-des-ormeaux-qc\\\/#primaryimage\"},\"thumbnailUrl\":\"https:\\\/\\\/propaintplus.net\\\/wp-content\\\/uploads\\\/2026\\\/01\\\/Painters-in-Dollard-des-Ormeaux-QC.jpg\",\"datePublished\":\"2026-01-08T14:15:13+00:00\",\"dateModified\":\"2026-03-09T23:53:22+00:00\",\"description\":\"Peintres professionnels \u00e0 Dollard-des-Ormeaux, QC pour les maisons & les entreprises. Finitions de qualit\u00e9, garantie de 3 ans. Obtenez votre estimation gratuite d\u00e8s aujourd'hui !\",\"breadcrumb\":{\"@id\":\"https:\\\/\\\/propaintplus.net\\\/fr\\\/secteurs\\\/dollard-des-ormeaux-qc\\\/#breadcrumb\"},\"inLanguage\":\"fr-CA\",\"potentialAction\":[{\"@type\":\"ReadAction\",\"target\":[\"https:\\\/\\\/propaintplus.net\\\/fr\\\/secteurs\\\/dollard-des-ormeaux-qc\\\/\"]}]},{\"@type\":\"ImageObject\",\"inLanguage\":\"fr-CA\",\"@id\":\"https:\\\/\\\/propaintplus.net\\\/fr\\\/secteurs\\\/dollard-des-ormeaux-qc\\\/#primaryimage\",\"url\":\"https:\\\/\\\/propaintplus.net\\\/wp-content\\\/uploads\\\/2026\\\/01\\\/Painters-in-Dollard-des-Ormeaux-QC.jpg\",\"contentUrl\":\"https:\\\/\\\/propaintplus.net\\\/wp-content\\\/uploads\\\/2026\\\/01\\\/Painters-in-Dollard-des-Ormeaux-QC.jpg\",\"width\":1500,\"height\":1000,\"caption\":\"Int\u00e9rieur n\u00e9oclassique blanc \u00e9l\u00e9gant avec escalier orn\u00e9 et lustre en cristal, superbement fini par des peintres professionnels \u00e0 Dollard-des-Ormeaux, QC.\"},{\"@type\":\"BreadcrumbList\",\"@id\":\"https:\\\/\\\/propaintplus.net\\\/fr\\\/secteurs\\\/dollard-des-ormeaux-qc\\\/#breadcrumb\",\"itemListElement\":[{\"@type\":\"ListItem\",\"position\":1,\"name\":\"Home\",\"item\":\"https:\\\/\\\/propaintplus.net\\\/fr\\\/accueil\\\/\"},{\"@type\":\"ListItem\",\"position\":2,\"name\":\"Secteurs\",\"item\":\"https:\\\/\\\/propaintplus.net\\\/fr\\\/secteurs\\\/\"},{\"@type\":\"ListItem\",\"position\":3,\"name\":\"Dollard-des-Ormeaux, QC\"}]},{\"@type\":\"WebSite\",\"@id\":\"https:\\\/\\\/propaintplus.net\\\/fr\\\/#website\",\"url\":\"https:\\\/\\\/propaintplus.net\\\/fr\\\/\",\"name\":\"Pro Paint Plus\",\"description\":\"Family-Owned Painting for Homes &amp; Businesses in Montr\u00e9al Since 2000\",\"publisher\":{\"@id\":\"https:\\\/\\\/propaintplus.net\\\/fr\\\/#organization\"},\"potentialAction\":[{\"@type\":\"SearchAction\",\"target\":{\"@type\":\"EntryPoint\",\"urlTemplate\":\"https:\\\/\\\/propaintplus.net\\\/fr\\\/?s={search_term_string}\"},\"query-input\":{\"@type\":\"PropertyValueSpecification\",\"valueRequired\":true,\"valueName\":\"search_term_string\"}}],\"inLanguage\":\"fr-CA\"},{\"@type\":\"Organization\",\"@id\":\"https:\\\/\\\/propaintplus.net\\\/fr\\\/#organization\",\"name\":\"Pro Paint Plus\",\"url\":\"https:\\\/\\\/propaintplus.net\\\/fr\\\/\",\"logo\":{\"@type\":\"ImageObject\",\"inLanguage\":\"fr-CA\",\"@id\":\"https:\\\/\\\/propaintplus.net\\\/fr\\\/#\\\/schema\\\/logo\\\/image\\\/\",\"url\":\"https:\\\/\\\/propaintplus.net\\\/wp-content\\\/uploads\\\/2026\\\/01\\\/main-logo.png\",\"contentUrl\":\"https:\\\/\\\/propaintplus.net\\\/wp-content\\\/uploads\\\/2026\\\/01\\\/main-logo.png\",\"width\":512,\"height\":512,\"caption\":\"Pro Paint Plus\"},\"image\":{\"@id\":\"https:\\\/\\\/propaintplus.net\\\/fr\\\/#\\\/schema\\\/logo\\\/image\\\/\"}}]}<\/script>\n<!-- \/ Yoast SEO plugin. -->","yoast_head_json":{"title":"Peintres \u00e0 Dollard-des-Ormeaux, QC | Pro Paint Plus","description":"Peintres professionnels \u00e0 Dollard-des-Ormeaux, QC pour les maisons & les entreprises. Finitions de qualit\u00e9, garantie de 3 ans. Obtenez votre estimation gratuite d\u00e8s aujourd'hui !","robots":{"index":"index","follow":"follow","max-snippet":"max-snippet:-1","max-image-preview":"max-image-preview:large","max-video-preview":"max-video-preview:-1"},"canonical":"https:\/\/propaintplus.net\/fr\/secteurs\/dollard-des-ormeaux-qc\/","og_locale":"fr_CA","og_type":"article","og_title":"Peintres \u00e0 Dollard-des-Ormeaux, QC | Pro Paint Plus","og_description":"Peintres professionnels \u00e0 Dollard-des-Ormeaux, QC pour les maisons & les entreprises. Finitions de qualit\u00e9, garantie de 3 ans. Obtenez votre estimation gratuite d\u00e8s aujourd'hui !","og_url":"https:\/\/propaintplus.net\/fr\/secteurs\/dollard-des-ormeaux-qc\/","og_site_name":"Pro Paint Plus","article_modified_time":"2026-03-09T23:53:22+00:00","og_image":[{"width":1500,"height":1000,"url":"https:\/\/propaintplus.net\/wp-content\/uploads\/2026\/01\/Painters-in-Dollard-des-Ormeaux-QC.jpg","type":"image\/jpeg"}],"twitter_card":"summary_large_image","schema":{"@context":"https:\/\/schema.org","@graph":[{"@type":"WebPage","@id":"https:\/\/propaintplus.net\/fr\/secteurs\/dollard-des-ormeaux-qc\/","url":"https:\/\/propaintplus.net\/fr\/secteurs\/dollard-des-ormeaux-qc\/","name":"Peintres \u00e0 Dollard-des-Ormeaux, QC | Pro Paint Plus","isPartOf":{"@id":"https:\/\/propaintplus.net\/fr\/#website"},"primaryImageOfPage":{"@id":"https:\/\/propaintplus.net\/fr\/secteurs\/dollard-des-ormeaux-qc\/#primaryimage"},"image":{"@id":"https:\/\/propaintplus.net\/fr\/secteurs\/dollard-des-ormeaux-qc\/#primaryimage"},"thumbnailUrl":"https:\/\/propaintplus.net\/wp-content\/uploads\/2026\/01\/Painters-in-Dollard-des-Ormeaux-QC.jpg","datePublished":"2026-01-08T14:15:13+00:00","dateModified":"2026-03-09T23:53:22+00:00","description":"Peintres professionnels \u00e0 Dollard-des-Ormeaux, QC pour les maisons & les entreprises. Finitions de qualit\u00e9, garantie de 3 ans. Obtenez votre estimation gratuite d\u00e8s aujourd'hui !","breadcrumb":{"@id":"https:\/\/propaintplus.net\/fr\/secteurs\/dollard-des-ormeaux-qc\/#breadcrumb"},"inLanguage":"fr-CA","potentialAction":[{"@type":"ReadAction","target":["https:\/\/propaintplus.net\/fr\/secteurs\/dollard-des-ormeaux-qc\/"]}]},{"@type":"ImageObject","inLanguage":"fr-CA","@id":"https:\/\/propaintplus.net\/fr\/secteurs\/dollard-des-ormeaux-qc\/#primaryimage","url":"https:\/\/propaintplus.net\/wp-content\/uploads\/2026\/01\/Painters-in-Dollard-des-Ormeaux-QC.jpg","contentUrl":"https:\/\/propaintplus.net\/wp-content\/uploads\/2026\/01\/Painters-in-Dollard-des-Ormeaux-QC.jpg","width":1500,"height":1000,"caption":"Int\u00e9rieur n\u00e9oclassique blanc \u00e9l\u00e9gant avec escalier orn\u00e9 et lustre en cristal, superbement fini par des peintres professionnels \u00e0 Dollard-des-Ormeaux, QC."},{"@type":"BreadcrumbList","@id":"https:\/\/propaintplus.net\/fr\/secteurs\/dollard-des-ormeaux-qc\/#breadcrumb","itemListElement":[{"@type":"ListItem","position":1,"name":"Home","item":"https:\/\/propaintplus.net\/fr\/accueil\/"},{"@type":"ListItem","position":2,"name":"Secteurs","item":"https:\/\/propaintplus.net\/fr\/secteurs\/"},{"@type":"ListItem","position":3,"name":"Dollard-des-Ormeaux, QC"}]},{"@type":"WebSite","@id":"https:\/\/propaintplus.net\/fr\/#website","url":"https:\/\/propaintplus.net\/fr\/","name":"Pro Paint Plus","description":"Family-Owned Painting for Homes &amp; Businesses in Montr\u00e9al Since 2000","publisher":{"@id":"https:\/\/propaintplus.net\/fr\/#organization"},"potentialAction":[{"@type":"SearchAction","target":{"@type":"EntryPoint","urlTemplate":"https:\/\/propaintplus.net\/fr\/?s={search_term_string}"},"query-input":{"@type":"PropertyValueSpecification","valueRequired":true,"valueName":"search_term_string"}}],"inLanguage":"fr-CA"},{"@type":"Organization","@id":"https:\/\/propaintplus.net\/fr\/#organization","name":"Pro Paint Plus","url":"https:\/\/propaintplus.net\/fr\/","logo":{"@type":"ImageObject","inLanguage":"fr-CA","@id":"https:\/\/propaintplus.net\/fr\/#\/schema\/logo\/image\/","url":"https:\/\/propaintplus.net\/wp-content\/uploads\/2026\/01\/main-logo.png","contentUrl":"https:\/\/propaintplus.net\/wp-content\/uploads\/2026\/01\/main-logo.png","width":512,"height":512,"caption":"Pro Paint Plus"},"image":{"@id":"https:\/\/propaintplus.net\/fr\/#\/schema\/logo\/image\/"}}]}},"_links":{"self":[{"href":"https:\/\/propaintplus.net\/fr\/wp-json\/wp\/v2\/pages\/966","targetHints":{"allow":["GET"]}}],"collection":[{"href":"https:\/\/propaintplus.net\/fr\/wp-json\/wp\/v2\/pages"}],"about":[{"href":"https:\/\/propaintplus.net\/fr\/wp-json\/wp\/v2\/types\/page"}],"author":[{"embeddable":true,"href":"https:\/\/propaintplus.net\/fr\/wp-json\/wp\/v2\/users\/8"}],"replies":[{"embeddable":true,"href":"https:\/\/propaintplus.net\/fr\/wp-json\/wp\/v2\/comments?post=966"}],"version-history":[{"count":0,"href":"https:\/\/propaintplus.net\/fr\/wp-json\/wp\/v2\/pages\/966\/revisions"}],"up":[{"embeddable":true,"href":"https:\/\/propaintplus.net\/fr\/wp-json\/wp\/v2\/pages\/981"}],"wp:featuredmedia":[{"embeddable":true,"href":"https:\/\/propaintplus.net\/fr\/wp-json\/wp\/v2\/media\/967"}],"wp:attachment":[{"href":"https:\/\/propaintplus.net\/fr\/wp-json\/wp\/v2\/media?parent=966"}],"curies":[{"name":"wp","href":"https:\/\/api.w.org\/{rel}","templated":true}]}}