{"id":971,"date":"2024-03-06T17:05:23","date_gmt":"2024-03-06T22:05:23","guid":{"rendered":"https:\/\/propaintdev.wpenginepowered.com\/blog\/"},"modified":"2024-03-06T17:05:23","modified_gmt":"2024-03-06T22:05:23","slug":"blog","status":"publish","type":"page","link":"https:\/\/propaintplus.net\/fr\/blog\/","title":{"rendered":"Blog"},"content":{"rendered":"","protected":false},"excerpt":{"rendered":"","protected":false},"author":2,"featured_media":972,"parent":0,"menu_order":0,"comment_status":"closed","ping_status":"closed","template":"","meta":{"footnotes":""},"class_list":["post-971","page","type-page","status-publish","has-post-thumbnail","hentry","wpbf-post"],"yoast_head":"<!-- This site is optimized with the Yoast SEO plugin v27.3 - https:\/\/yoast.com\/product\/yoast-seo-wordpress\/ -->\n<title>Conseils de peinture \u00e0 Montr\u00e9al | Blogue de Pro Paint Plus<\/title>\n<meta name=\"description\" content=\"Conseils d\u2019experts en peinture pour les propri\u00e9taires montr\u00e9alais. Apprenez-en davantage sur la pr\u00e9paration, le moment id\u00e9al et la protection de votre investissement gr\u00e2ce \u00e0 des peintres professionnels.\" \/>\n<meta name=\"robots\" content=\"index, follow, max-snippet:-1, max-image-preview:large, max-video-preview:-1\" \/>\n<link rel=\"canonical\" href=\"https:\/\/propaintplus.net\/fr\/blog\/\" \/>\n<meta property=\"og:locale\" content=\"fr_CA\" \/>\n<meta property=\"og:type\" content=\"article\" \/>\n<meta property=\"og:title\" content=\"Conseils de peinture \u00e0 Montr\u00e9al | Blogue de Pro Paint Plus\" \/>\n<meta property=\"og:description\" content=\"Conseils d\u2019experts en peinture pour les propri\u00e9taires montr\u00e9alais. Apprenez-en davantage sur la pr\u00e9paration, le moment id\u00e9al et la protection de votre investissement gr\u00e2ce \u00e0 des peintres professionnels.\" \/>\n<meta property=\"og:url\" content=\"https:\/\/propaintplus.net\/fr\/blog\/\" \/>\n<meta property=\"og:site_name\" content=\"Pro Paint Plus\" \/>\n<meta property=\"og:image\" content=\"https:\/\/propaintplus.net\/wp-content\/uploads\/2026\/01\/Painting-Tips-Montreal.jpg\" \/>\n\t<meta property=\"og:image:width\" content=\"1500\" \/>\n\t<meta property=\"og:image:height\" content=\"998\" \/>\n\t<meta property=\"og:image:type\" content=\"image\/jpeg\" \/>\n<meta name=\"twitter:card\" content=\"summary_large_image\" \/>\n<script type=\"application\/ld+json\" class=\"yoast-schema-graph\">{\"@context\":\"https:\\\/\\\/schema.org\",\"@graph\":[{\"@type\":\"WebPage\",\"@id\":\"https:\\\/\\\/propaintplus.net\\\/fr\\\/blog\\\/\",\"url\":\"https:\\\/\\\/propaintplus.net\\\/fr\\\/blog\\\/\",\"name\":\"Conseils de peinture \u00e0 Montr\u00e9al | Blogue de Pro Paint Plus\",\"isPartOf\":{\"@id\":\"https:\\\/\\\/propaintplus.net\\\/fr\\\/#website\"},\"primaryImageOfPage\":{\"@id\":\"https:\\\/\\\/propaintplus.net\\\/fr\\\/blog\\\/#primaryimage\"},\"image\":{\"@id\":\"https:\\\/\\\/propaintplus.net\\\/fr\\\/blog\\\/#primaryimage\"},\"thumbnailUrl\":\"https:\\\/\\\/propaintplus.net\\\/wp-content\\\/uploads\\\/2026\\\/01\\\/Painting-Tips-Montreal.jpg\",\"datePublished\":\"2024-03-06T22:05:23+00:00\",\"description\":\"Conseils d\u2019experts en peinture pour les propri\u00e9taires montr\u00e9alais. Apprenez-en davantage sur la pr\u00e9paration, le moment id\u00e9al et la protection de votre investissement gr\u00e2ce \u00e0 des peintres professionnels.\",\"breadcrumb\":{\"@id\":\"https:\\\/\\\/propaintplus.net\\\/fr\\\/blog\\\/#breadcrumb\"},\"inLanguage\":\"fr-CA\",\"potentialAction\":[{\"@type\":\"ReadAction\",\"target\":[\"https:\\\/\\\/propaintplus.net\\\/fr\\\/blog\\\/\"]}]},{\"@type\":\"ImageObject\",\"inLanguage\":\"fr-CA\",\"@id\":\"https:\\\/\\\/propaintplus.net\\\/fr\\\/blog\\\/#primaryimage\",\"url\":\"https:\\\/\\\/propaintplus.net\\\/wp-content\\\/uploads\\\/2026\\\/01\\\/Painting-Tips-Montreal.jpg\",\"contentUrl\":\"https:\\\/\\\/propaintplus.net\\\/wp-content\\\/uploads\\\/2026\\\/01\\\/Painting-Tips-Montreal.jpg\",\"width\":1500,\"height\":998,\"caption\":\"\u00c9l\u00e9gant salon dot\u00e9 d\u2019un papier peint \u00e0 rayures olive et d\u2019une chemin\u00e9e classique, illustrant des conseils professionnels de peinture r\u00e9sidentielle \u00e0 Montr\u00e9al pour des conseils de peinture \u00e0 Montr\u00e9al.\"},{\"@type\":\"BreadcrumbList\",\"@id\":\"https:\\\/\\\/propaintplus.net\\\/fr\\\/blog\\\/#breadcrumb\",\"itemListElement\":[{\"@type\":\"ListItem\",\"position\":1,\"name\":\"Home\",\"item\":\"https:\\\/\\\/propaintplus.net\\\/fr\\\/accueil\\\/\"},{\"@type\":\"ListItem\",\"position\":2,\"name\":\"Blog\"}]},{\"@type\":\"WebSite\",\"@id\":\"https:\\\/\\\/propaintplus.net\\\/fr\\\/#website\",\"url\":\"https:\\\/\\\/propaintplus.net\\\/fr\\\/\",\"name\":\"Pro Paint Plus\",\"description\":\"Family-Owned Painting for Homes &amp; Businesses in Montr\u00e9al Since 2000\",\"publisher\":{\"@id\":\"https:\\\/\\\/propaintplus.net\\\/fr\\\/#organization\"},\"potentialAction\":[{\"@type\":\"SearchAction\",\"target\":{\"@type\":\"EntryPoint\",\"urlTemplate\":\"https:\\\/\\\/propaintplus.net\\\/fr\\\/?s={search_term_string}\"},\"query-input\":{\"@type\":\"PropertyValueSpecification\",\"valueRequired\":true,\"valueName\":\"search_term_string\"}}],\"inLanguage\":\"fr-CA\"},{\"@type\":\"Organization\",\"@id\":\"https:\\\/\\\/propaintplus.net\\\/fr\\\/#organization\",\"name\":\"Pro Paint Plus\",\"url\":\"https:\\\/\\\/propaintplus.net\\\/fr\\\/\",\"logo\":{\"@type\":\"ImageObject\",\"inLanguage\":\"fr-CA\",\"@id\":\"https:\\\/\\\/propaintplus.net\\\/fr\\\/#\\\/schema\\\/logo\\\/image\\\/\",\"url\":\"https:\\\/\\\/propaintplus.net\\\/wp-content\\\/uploads\\\/2026\\\/01\\\/main-logo.png\",\"contentUrl\":\"https:\\\/\\\/propaintplus.net\\\/wp-content\\\/uploads\\\/2026\\\/01\\\/main-logo.png\",\"width\":512,\"height\":512,\"caption\":\"Pro Paint Plus\"},\"image\":{\"@id\":\"https:\\\/\\\/propaintplus.net\\\/fr\\\/#\\\/schema\\\/logo\\\/image\\\/\"}}]}<\/script>\n<!-- \/ Yoast SEO plugin. -->","yoast_head_json":{"title":"Conseils de peinture \u00e0 Montr\u00e9al | Blogue de Pro Paint Plus","description":"Conseils d\u2019experts en peinture pour les propri\u00e9taires montr\u00e9alais. Apprenez-en davantage sur la pr\u00e9paration, le moment id\u00e9al et la protection de votre investissement gr\u00e2ce \u00e0 des peintres professionnels.","robots":{"index":"index","follow":"follow","max-snippet":"max-snippet:-1","max-image-preview":"max-image-preview:large","max-video-preview":"max-video-preview:-1"},"canonical":"https:\/\/propaintplus.net\/fr\/blog\/","og_locale":"fr_CA","og_type":"article","og_title":"Conseils de peinture \u00e0 Montr\u00e9al | Blogue de Pro Paint Plus","og_description":"Conseils d\u2019experts en peinture pour les propri\u00e9taires montr\u00e9alais. Apprenez-en davantage sur la pr\u00e9paration, le moment id\u00e9al et la protection de votre investissement gr\u00e2ce \u00e0 des peintres professionnels.","og_url":"https:\/\/propaintplus.net\/fr\/blog\/","og_site_name":"Pro Paint Plus","og_image":[{"width":1500,"height":998,"url":"https:\/\/propaintplus.net\/wp-content\/uploads\/2026\/01\/Painting-Tips-Montreal.jpg","type":"image\/jpeg"}],"twitter_card":"summary_large_image","schema":{"@context":"https:\/\/schema.org","@graph":[{"@type":"WebPage","@id":"https:\/\/propaintplus.net\/fr\/blog\/","url":"https:\/\/propaintplus.net\/fr\/blog\/","name":"Conseils de peinture \u00e0 Montr\u00e9al | Blogue de Pro Paint Plus","isPartOf":{"@id":"https:\/\/propaintplus.net\/fr\/#website"},"primaryImageOfPage":{"@id":"https:\/\/propaintplus.net\/fr\/blog\/#primaryimage"},"image":{"@id":"https:\/\/propaintplus.net\/fr\/blog\/#primaryimage"},"thumbnailUrl":"https:\/\/propaintplus.net\/wp-content\/uploads\/2026\/01\/Painting-Tips-Montreal.jpg","datePublished":"2024-03-06T22:05:23+00:00","description":"Conseils d\u2019experts en peinture pour les propri\u00e9taires montr\u00e9alais. Apprenez-en davantage sur la pr\u00e9paration, le moment id\u00e9al et la protection de votre investissement gr\u00e2ce \u00e0 des peintres professionnels.","breadcrumb":{"@id":"https:\/\/propaintplus.net\/fr\/blog\/#breadcrumb"},"inLanguage":"fr-CA","potentialAction":[{"@type":"ReadAction","target":["https:\/\/propaintplus.net\/fr\/blog\/"]}]},{"@type":"ImageObject","inLanguage":"fr-CA","@id":"https:\/\/propaintplus.net\/fr\/blog\/#primaryimage","url":"https:\/\/propaintplus.net\/wp-content\/uploads\/2026\/01\/Painting-Tips-Montreal.jpg","contentUrl":"https:\/\/propaintplus.net\/wp-content\/uploads\/2026\/01\/Painting-Tips-Montreal.jpg","width":1500,"height":998,"caption":"\u00c9l\u00e9gant salon dot\u00e9 d\u2019un papier peint \u00e0 rayures olive et d\u2019une chemin\u00e9e classique, illustrant des conseils professionnels de peinture r\u00e9sidentielle \u00e0 Montr\u00e9al pour des conseils de peinture \u00e0 Montr\u00e9al."},{"@type":"BreadcrumbList","@id":"https:\/\/propaintplus.net\/fr\/blog\/#breadcrumb","itemListElement":[{"@type":"ListItem","position":1,"name":"Home","item":"https:\/\/propaintplus.net\/fr\/accueil\/"},{"@type":"ListItem","position":2,"name":"Blog"}]},{"@type":"WebSite","@id":"https:\/\/propaintplus.net\/fr\/#website","url":"https:\/\/propaintplus.net\/fr\/","name":"Pro Paint Plus","description":"Family-Owned Painting for Homes &amp; Businesses in Montr\u00e9al Since 2000","publisher":{"@id":"https:\/\/propaintplus.net\/fr\/#organization"},"potentialAction":[{"@type":"SearchAction","target":{"@type":"EntryPoint","urlTemplate":"https:\/\/propaintplus.net\/fr\/?s={search_term_string}"},"query-input":{"@type":"PropertyValueSpecification","valueRequired":true,"valueName":"search_term_string"}}],"inLanguage":"fr-CA"},{"@type":"Organization","@id":"https:\/\/propaintplus.net\/fr\/#organization","name":"Pro Paint Plus","url":"https:\/\/propaintplus.net\/fr\/","logo":{"@type":"ImageObject","inLanguage":"fr-CA","@id":"https:\/\/propaintplus.net\/fr\/#\/schema\/logo\/image\/","url":"https:\/\/propaintplus.net\/wp-content\/uploads\/2026\/01\/main-logo.png","contentUrl":"https:\/\/propaintplus.net\/wp-content\/uploads\/2026\/01\/main-logo.png","width":512,"height":512,"caption":"Pro Paint Plus"},"image":{"@id":"https:\/\/propaintplus.net\/fr\/#\/schema\/logo\/image\/"}}]}},"_links":{"self":[{"href":"https:\/\/propaintplus.net\/fr\/wp-json\/wp\/v2\/pages\/971","targetHints":{"allow":["GET"]}}],"collection":[{"href":"https:\/\/propaintplus.net\/fr\/wp-json\/wp\/v2\/pages"}],"about":[{"href":"https:\/\/propaintplus.net\/fr\/wp-json\/wp\/v2\/types\/page"}],"author":[{"embeddable":true,"href":"https:\/\/propaintplus.net\/fr\/wp-json\/wp\/v2\/users\/2"}],"replies":[{"embeddable":true,"href":"https:\/\/propaintplus.net\/fr\/wp-json\/wp\/v2\/comments?post=971"}],"version-history":[{"count":0,"href":"https:\/\/propaintplus.net\/fr\/wp-json\/wp\/v2\/pages\/971\/revisions"}],"wp:featuredmedia":[{"embeddable":true,"href":"https:\/\/propaintplus.net\/fr\/wp-json\/wp\/v2\/media\/972"}],"wp:attachment":[{"href":"https:\/\/propaintplus.net\/fr\/wp-json\/wp\/v2\/media?parent=971"}],"curies":[{"name":"wp","href":"https:\/\/api.w.org\/{rel}","templated":true}]}}